{"id":12,"date":"2024-12-30T10:16:19","date_gmt":"2024-12-30T10:16:19","guid":{"rendered":"https:\/\/barotejexpress.rkinformatika.online\/?page_id=12"},"modified":"2024-12-31T08:45:22","modified_gmt":"2024-12-31T08:45:22","slug":"servicios","status":"publish","type":"page","link":"https:\/\/barotejexpress.com\/eus\/servicios\/","title":{"rendered":"ZERBITZUAK"},"content":{"rendered":"<div data-elementor-type=\"wp-page\" data-elementor-id=\"12\" class=\"elementor elementor-12\" data-elementor-post-type=\"page\">\n\t\t\t\t<div class=\"elementor-element elementor-element-6ab663d e-con-full e-flex e-con e-parent\" data-id=\"6ab663d\" data-element_type=\"container\" data-e-type=\"container\" data-settings=\"{&quot;background_background&quot;:&quot;classic&quot;}\">\n\t\t\t\t<div class=\"elementor-element elementor-element-4854900 elementor-invisible elementor-widget elementor-widget-heading\" data-id=\"4854900\" data-element_type=\"widget\" data-e-type=\"widget\" data-settings=\"{&quot;_animation&quot;:&quot;zoomInLeft&quot;}\" data-widget_type=\"heading.default\">\n\t\t\t\t<div class=\"elementor-widget-container\">\n\t\t\t\t\t<h2 class=\"elementor-heading-title elementor-size-default\">ZERBITZUAK<\/h2>\t\t\t\t<\/div>\n\t\t\t\t<\/div>\n\t\t\t\t<div class=\"elementor-element elementor-element-aca13e7 elementor-icon-list--layout-inline elementor-list-item-link-full_width elementor-invisible elementor-widget elementor-widget-icon-list\" data-id=\"aca13e7\" data-element_type=\"widget\" data-e-type=\"widget\" data-settings=\"{&quot;_animation&quot;:&quot;zoomInLeft&quot;,&quot;_animation_delay&quot;:200}\" data-widget_type=\"icon-list.default\">\n\t\t\t\t<div class=\"elementor-widget-container\">\n\t\t\t\t\t\t\t<ul class=\"elementor-icon-list-items elementor-inline-items\">\n\t\t\t\t\t\t\t<li class=\"elementor-icon-list-item elementor-inline-item\">\n\t\t\t\t\t\t\t\t\t\t\t<a href=\"https:\/\/barotejexpress.com\/eus\">\n\n\t\t\t\t\t\t\t\t\t\t\t<span class=\"elementor-icon-list-text\">Inicio<\/span>\n\t\t\t\t\t\t\t\t\t\t\t<\/a>\n\t\t\t\t\t\t\t\t\t<\/li>\n\t\t\t\t\t\t\t\t<li class=\"elementor-icon-list-item elementor-inline-item\">\n\t\t\t\t\t\t\t\t\t\t\t<span class=\"elementor-icon-list-icon\">\n\t\t\t\t\t\t\t<svg aria-hidden=\"true\" class=\"e-font-icon-svg e-fas-angle-right\" viewbox=\"0 0 256 512\" xmlns=\"http:\/\/www.w3.org\/2000\/svg\"><path d=\"M224.3 273l-136 136c-9.4 9.4-24.6 9.4-33.9 0l-22.6-22.6c-9.4-9.4-9.4-24.6 0-33.9l96.4-96.4-96.4-96.4c-9.4-9.4-9.4-24.6 0-33.9L54.3 103c9.4-9.4 24.6-9.4 33.9 0l136 136c9.5 9.4 9.5 24.6.1 34z\"><\/path><\/svg>\t\t\t\t\t\t<\/span>\n\t\t\t\t\t\t\t\t\t\t<span class=\"elementor-icon-list-text\">ZERBITZUAK<\/span>\n\t\t\t\t\t\t\t\t\t<\/li>\n\t\t\t\t\t\t<\/ul>\n\t\t\t\t\t\t<\/div>\n\t\t\t\t<\/div>\n\t\t\t\t<\/div>\n\t\t<div class=\"elementor-element elementor-element-ce43207 e-con-full e-flex e-con e-parent\" data-id=\"ce43207\" data-element_type=\"container\" data-e-type=\"container\">\n\t\t<div class=\"elementor-element elementor-element-d36c032 e-con-full e-flex elementor-invisible e-con e-child\" data-id=\"d36c032\" data-element_type=\"container\" data-e-type=\"container\" data-settings=\"{&quot;background_background&quot;:&quot;classic&quot;,&quot;animation&quot;:&quot;fadeInLeft&quot;}\">\n\t\t\t\t<div class=\"elementor-element elementor-element-8ffe271 elementor-widget elementor-widget-image\" data-id=\"8ffe271\" data-element_type=\"widget\" data-e-type=\"widget\" data-widget_type=\"image.default\">\n\t\t\t\t<div class=\"elementor-widget-container\">\n\t\t\t\t\t\t\t\t\t\t\t\t\t\t\t<img fetchpriority=\"high\" decoding=\"async\" width=\"800\" height=\"533\" src=\"https:\/\/barotejexpress.com\/wp-content\/uploads\/2024\/12\/delivery-man-with-package-outdoors-1024x682.jpg\" class=\"attachment-large size-large wp-image-404\" alt=\"Delivery man with package outdoors\" srcset=\"https:\/\/barotejexpress.com\/wp-content\/uploads\/2024\/12\/delivery-man-with-package-outdoors-1024x682.jpg 1024w, https:\/\/barotejexpress.com\/wp-content\/uploads\/2024\/12\/delivery-man-with-package-outdoors-300x200.jpg 300w, https:\/\/barotejexpress.com\/wp-content\/uploads\/2024\/12\/delivery-man-with-package-outdoors-768x512.jpg 768w, https:\/\/barotejexpress.com\/wp-content\/uploads\/2024\/12\/delivery-man-with-package-outdoors-1536x1024.jpg 1536w, https:\/\/barotejexpress.com\/wp-content\/uploads\/2024\/12\/delivery-man-with-package-outdoors-18x12.jpg 18w, https:\/\/barotejexpress.com\/wp-content\/uploads\/2024\/12\/delivery-man-with-package-outdoors.jpg 2000w\" sizes=\"(max-width: 800px) 100vw, 800px\" \/>\t\t\t\t\t\t\t\t\t\t\t\t\t\t\t<\/div>\n\t\t\t\t<\/div>\n\t\t\t\t<div class=\"elementor-element elementor-element-4f4f639 elementor-widget elementor-widget-heading\" data-id=\"4f4f639\" data-element_type=\"widget\" data-e-type=\"widget\" data-widget_type=\"heading.default\">\n\t\t\t\t<div class=\"elementor-widget-container\">\n\t\t\t\t\t<h2 class=\"elementor-heading-title elementor-size-default\">SERVICIO DE REPARTO DE PAQUETERIA<\/h2>\t\t\t\t<\/div>\n\t\t\t\t<\/div>\n\t\t\t\t<div class=\"elementor-element elementor-element-1a8b922 elementor-widget elementor-widget-text-editor\" data-id=\"1a8b922\" data-element_type=\"widget\" data-e-type=\"widget\" data-widget_type=\"text-editor.default\">\n\t\t\t\t<div class=\"elementor-widget-container\">\n\t\t\t\t\t\t\t\t\t<p>Servicio de reparto de paqueter\u00eda r\u00e1pido, seguro y confiable. Nos encargamos de que tus env\u00edos lleguen puntualmente y en perfectas condiciones, con atenci\u00f3n personalizada y seguimiento en tiempo real.<\/p>\t\t\t\t\t\t\t\t<\/div>\n\t\t\t\t<\/div>\n\t\t\t\t<\/div>\n\t\t<div class=\"elementor-element elementor-element-368a344 e-con-full e-flex elementor-invisible e-con e-child\" data-id=\"368a344\" data-element_type=\"container\" data-e-type=\"container\" data-settings=\"{&quot;background_background&quot;:&quot;classic&quot;,&quot;animation&quot;:&quot;fadeInRight&quot;}\">\n\t\t\t\t<div class=\"elementor-element elementor-element-507ff0d elementor-widget elementor-widget-image\" data-id=\"507ff0d\" data-element_type=\"widget\" data-e-type=\"widget\" data-widget_type=\"image.default\">\n\t\t\t\t<div class=\"elementor-widget-container\">\n\t\t\t\t\t\t\t\t\t\t\t\t\t\t\t<img decoding=\"async\" width=\"800\" height=\"533\" src=\"https:\/\/barotejexpress.com\/wp-content\/uploads\/2024\/12\/warehouse-professionals-assessing-wooden-pallet-inventory-1024x682.jpg\" class=\"attachment-large size-large wp-image-407\" alt=\"Warehouse Professionals Assessing Wooden Pallet Inventory\" srcset=\"https:\/\/barotejexpress.com\/wp-content\/uploads\/2024\/12\/warehouse-professionals-assessing-wooden-pallet-inventory-1024x682.jpg 1024w, https:\/\/barotejexpress.com\/wp-content\/uploads\/2024\/12\/warehouse-professionals-assessing-wooden-pallet-inventory-300x200.jpg 300w, https:\/\/barotejexpress.com\/wp-content\/uploads\/2024\/12\/warehouse-professionals-assessing-wooden-pallet-inventory-768x512.jpg 768w, https:\/\/barotejexpress.com\/wp-content\/uploads\/2024\/12\/warehouse-professionals-assessing-wooden-pallet-inventory-1536x1024.jpg 1536w, https:\/\/barotejexpress.com\/wp-content\/uploads\/2024\/12\/warehouse-professionals-assessing-wooden-pallet-inventory-18x12.jpg 18w, https:\/\/barotejexpress.com\/wp-content\/uploads\/2024\/12\/warehouse-professionals-assessing-wooden-pallet-inventory.jpg 2000w\" sizes=\"(max-width: 800px) 100vw, 800px\" \/>\t\t\t\t\t\t\t\t\t\t\t\t\t\t\t<\/div>\n\t\t\t\t<\/div>\n\t\t\t\t<div class=\"elementor-element elementor-element-89f5c3d elementor-widget elementor-widget-heading\" data-id=\"89f5c3d\" data-element_type=\"widget\" data-e-type=\"widget\" data-widget_type=\"heading.default\">\n\t\t\t\t<div class=\"elementor-widget-container\">\n\t\t\t\t\t<h2 class=\"elementor-heading-title elementor-size-default\">SERVICIO DE TRANSPORTE DE PALETS<\/h2>\t\t\t\t<\/div>\n\t\t\t\t<\/div>\n\t\t\t\t<div class=\"elementor-element elementor-element-cb18ac2 elementor-widget elementor-widget-text-editor\" data-id=\"cb18ac2\" data-element_type=\"widget\" data-e-type=\"widget\" data-widget_type=\"text-editor.default\">\n\t\t\t\t<div class=\"elementor-widget-container\">\n\t\t\t\t\t\t\t\t\t<p>Servicio de transporte de palets eficiente y seguro. Nos encargamos de transportar tus palets de manera r\u00e1pida y en \u00f3ptimas condiciones, garantizando un servicio confiable y adaptado a tus necesidades log\u00edsticas.<\/p>\t\t\t\t\t\t\t\t<\/div>\n\t\t\t\t<\/div>\n\t\t\t\t<\/div>\n\t\t\t\t<\/div>\n\t\t<div class=\"elementor-element elementor-element-e0259ec e-con-full e-flex e-con e-parent\" data-id=\"e0259ec\" data-element_type=\"container\" data-e-type=\"container\" data-settings=\"{&quot;background_background&quot;:&quot;classic&quot;}\">\n\t\t\t\t<div class=\"elementor-element elementor-element-a31a9ac elementor-invisible elementor-widget elementor-widget-heading\" data-id=\"a31a9ac\" data-element_type=\"widget\" data-e-type=\"widget\" data-settings=\"{&quot;_animation&quot;:&quot;zoomIn&quot;}\" data-widget_type=\"heading.default\">\n\t\t\t\t<div class=\"elementor-widget-container\">\n\t\t\t\t\t<h2 class=\"elementor-heading-title elementor-size-default\">\u00bfNecesitas transporte de palets confiable?<\/h2>\t\t\t\t<\/div>\n\t\t\t\t<\/div>\n\t\t\t\t<div class=\"elementor-element elementor-element-ff8c517 elementor-invisible elementor-widget elementor-widget-text-editor\" data-id=\"ff8c517\" data-element_type=\"widget\" data-e-type=\"widget\" data-settings=\"{&quot;_animation&quot;:&quot;zoomIn&quot;,&quot;_animation_delay&quot;:300}\" data-widget_type=\"text-editor.default\">\n\t\t\t\t<div class=\"elementor-widget-container\">\n\t\t\t\t\t\t\t\t\t<p>Cont\u00e1ctanos y disfruta de una entrega r\u00e1pida, segura y eficiente.<\/p>\t\t\t\t\t\t\t\t<\/div>\n\t\t\t\t<\/div>\n\t\t\t\t<div class=\"elementor-element elementor-element-84e623b elementor-align-center elementor-invisible elementor-widget elementor-widget-button\" data-id=\"84e623b\" data-element_type=\"widget\" data-e-type=\"widget\" data-settings=\"{&quot;_animation&quot;:&quot;zoomIn&quot;,&quot;_animation_delay&quot;:600}\" data-widget_type=\"button.default\">\n\t\t\t\t<div class=\"elementor-widget-container\">\n\t\t\t\t\t\t\t\t\t<div class=\"elementor-button-wrapper\">\n\t\t\t\t\t<a class=\"elementor-button elementor-button-link elementor-size-sm elementor-animation-float\" href=\"https:\/\/barotejexpress.com\/eus\/contacto\/\">\n\t\t\t\t\t\t<span class=\"elementor-button-content-wrapper\">\n\t\t\t\t\t\t\t\t\t<span class=\"elementor-button-text\">Solicitar Servicio<\/span>\n\t\t\t\t\t<\/span>\n\t\t\t\t\t<\/a>\n\t\t\t\t<\/div>\n\t\t\t\t\t\t\t\t<\/div>\n\t\t\t\t<\/div>\n\t\t\t\t<\/div>\n\t\t\t\t<\/div>","protected":false},"excerpt":{"rendered":"<p>Servicios Inicio Servicios SERVICIO DE REPARTO DE PAQUETERIA Servicio de reparto de paqueter\u00eda r\u00e1pido, seguro y confiable. Nos encargamos de que tus env\u00edos lleguen puntualmente y en perfectas condiciones, con atenci\u00f3n personalizada y seguimiento en tiempo real. SERVICIO DE TRANSPORTE DE PALETS Servicio de transporte de palets eficiente y seguro. Nos encargamos de transportar tus [&hellip;]<\/p>\n","protected":false},"author":1,"featured_media":0,"parent":0,"menu_order":0,"comment_status":"closed","ping_status":"closed","template":"elementor_canvas","meta":{"footnotes":""},"class_list":["post-12","page","type-page","status-publish","hentry"],"yoast_head":"<!-- This site is optimized with the Yoast SEO plugin v27.5 - https:\/\/yoast.com\/product\/yoast-seo-wordpress\/ -->\n<title>Servicios - BAROTEJ EXPRESS<\/title>\n<meta name=\"robots\" content=\"index, follow, max-snippet:-1, max-image-preview:large, max-video-preview:-1\" \/>\n<link rel=\"canonical\" href=\"https:\/\/barotejexpress.com\/eus\/servicios\/\" \/>\n<meta property=\"og:locale\" content=\"en_US\" \/>\n<meta property=\"og:type\" content=\"article\" \/>\n<meta property=\"og:title\" content=\"Servicios - BAROTEJ EXPRESS\" \/>\n<meta property=\"og:description\" content=\"Servicios Inicio Servicios SERVICIO DE REPARTO DE PAQUETERIA Servicio de reparto de paqueter\u00eda r\u00e1pido, seguro y confiable. Nos encargamos de que tus env\u00edos lleguen puntualmente y en perfectas condiciones, con atenci\u00f3n personalizada y seguimiento en tiempo real. SERVICIO DE TRANSPORTE DE PALETS Servicio de transporte de palets eficiente y seguro. Nos encargamos de transportar tus [&hellip;]\" \/>\n<meta property=\"og:url\" content=\"https:\/\/barotejexpress.com\/eus\/servicios\/\" \/>\n<meta property=\"og:site_name\" content=\"BAROTEJ EXPRESS\" \/>\n<meta property=\"article:modified_time\" content=\"2024-12-31T08:45:22+00:00\" \/>\n<meta property=\"og:image\" content=\"https:\/\/barotejexpress.com\/wp-content\/uploads\/2024\/12\/delivery-man-with-package-outdoors.jpg\" \/>\n\t<meta property=\"og:image:width\" content=\"2000\" \/>\n\t<meta property=\"og:image:height\" content=\"1333\" \/>\n\t<meta property=\"og:image:type\" content=\"image\/jpeg\" \/>\n<meta name=\"twitter:card\" content=\"summary_large_image\" \/>\n<meta name=\"twitter:label1\" content=\"Est. reading time\" \/>\n\t<meta name=\"twitter:data1\" content=\"1 minutua\" \/>\n<script type=\"application\/ld+json\" class=\"yoast-schema-graph\">{\"@context\":\"https:\\\/\\\/schema.org\",\"@graph\":[{\"@type\":\"WebPage\",\"@id\":\"https:\\\/\\\/barotejexpress.com\\\/servicios\\\/\",\"url\":\"https:\\\/\\\/barotejexpress.com\\\/servicios\\\/\",\"name\":\"Servicios - BAROTEJ EXPRESS\",\"isPartOf\":{\"@id\":\"https:\\\/\\\/barotejexpress.com\\\/#website\"},\"primaryImageOfPage\":{\"@id\":\"https:\\\/\\\/barotejexpress.com\\\/servicios\\\/#primaryimage\"},\"image\":{\"@id\":\"https:\\\/\\\/barotejexpress.com\\\/servicios\\\/#primaryimage\"},\"thumbnailUrl\":\"https:\\\/\\\/barotejexpress.com\\\/wp-content\\\/uploads\\\/2024\\\/12\\\/delivery-man-with-package-outdoors-1024x682.jpg\",\"datePublished\":\"2024-12-30T10:16:19+00:00\",\"dateModified\":\"2024-12-31T08:45:22+00:00\",\"breadcrumb\":{\"@id\":\"https:\\\/\\\/barotejexpress.com\\\/servicios\\\/#breadcrumb\"},\"inLanguage\":\"eu\",\"potentialAction\":[{\"@type\":\"ReadAction\",\"target\":[\"https:\\\/\\\/barotejexpress.com\\\/servicios\\\/\"]}]},{\"@type\":\"ImageObject\",\"inLanguage\":\"eu\",\"@id\":\"https:\\\/\\\/barotejexpress.com\\\/servicios\\\/#primaryimage\",\"url\":\"https:\\\/\\\/barotejexpress.com\\\/wp-content\\\/uploads\\\/2024\\\/12\\\/delivery-man-with-package-outdoors-1024x682.jpg\",\"contentUrl\":\"https:\\\/\\\/barotejexpress.com\\\/wp-content\\\/uploads\\\/2024\\\/12\\\/delivery-man-with-package-outdoors-1024x682.jpg\"},{\"@type\":\"BreadcrumbList\",\"@id\":\"https:\\\/\\\/barotejexpress.com\\\/servicios\\\/#breadcrumb\",\"itemListElement\":[{\"@type\":\"ListItem\",\"position\":1,\"name\":\"Portada\",\"item\":\"https:\\\/\\\/barotejexpress.com\\\/\"},{\"@type\":\"ListItem\",\"position\":2,\"name\":\"Servicios\"}]},{\"@type\":\"WebSite\",\"@id\":\"https:\\\/\\\/barotejexpress.com\\\/#website\",\"url\":\"https:\\\/\\\/barotejexpress.com\\\/\",\"name\":\"BAROTEJ EXPRESS\",\"description\":\"\",\"publisher\":{\"@id\":\"https:\\\/\\\/barotejexpress.com\\\/#organization\"},\"potentialAction\":[{\"@type\":\"SearchAction\",\"target\":{\"@type\":\"EntryPoint\",\"urlTemplate\":\"https:\\\/\\\/barotejexpress.com\\\/?s={search_term_string}\"},\"query-input\":{\"@type\":\"PropertyValueSpecification\",\"valueRequired\":true,\"valueName\":\"search_term_string\"}}],\"inLanguage\":\"eu\"},{\"@type\":\"Organization\",\"@id\":\"https:\\\/\\\/barotejexpress.com\\\/#organization\",\"name\":\"BAROTEJ EXPRESS\",\"url\":\"https:\\\/\\\/barotejexpress.com\\\/\",\"logo\":{\"@type\":\"ImageObject\",\"inLanguage\":\"eu\",\"@id\":\"https:\\\/\\\/barotejexpress.com\\\/#\\\/schema\\\/logo\\\/image\\\/\",\"url\":\"https:\\\/\\\/barotejexpress.com\\\/wp-content\\\/uploads\\\/2024\\\/12\\\/cropped-A-1.png\",\"contentUrl\":\"https:\\\/\\\/barotejexpress.com\\\/wp-content\\\/uploads\\\/2024\\\/12\\\/cropped-A-1.png\",\"width\":500,\"height\":500,\"caption\":\"BAROTEJ EXPRESS\"},\"image\":{\"@id\":\"https:\\\/\\\/barotejexpress.com\\\/#\\\/schema\\\/logo\\\/image\\\/\"}}]}<\/script>\n<!-- \/ Yoast SEO plugin. -->","yoast_head_json":{"title":"Servicios - BAROTEJ EXPRESS","robots":{"index":"index","follow":"follow","max-snippet":"max-snippet:-1","max-image-preview":"max-image-preview:large","max-video-preview":"max-video-preview:-1"},"canonical":"https:\/\/barotejexpress.com\/eus\/servicios\/","og_locale":"en_US","og_type":"article","og_title":"Servicios - BAROTEJ EXPRESS","og_description":"Servicios Inicio Servicios SERVICIO DE REPARTO DE PAQUETERIA Servicio de reparto de paqueter\u00eda r\u00e1pido, seguro y confiable. Nos encargamos de que tus env\u00edos lleguen puntualmente y en perfectas condiciones, con atenci\u00f3n personalizada y seguimiento en tiempo real. SERVICIO DE TRANSPORTE DE PALETS Servicio de transporte de palets eficiente y seguro. Nos encargamos de transportar tus [&hellip;]","og_url":"https:\/\/barotejexpress.com\/eus\/servicios\/","og_site_name":"BAROTEJ EXPRESS","article_modified_time":"2024-12-31T08:45:22+00:00","og_image":[{"width":2000,"height":1333,"url":"https:\/\/barotejexpress.com\/wp-content\/uploads\/2024\/12\/delivery-man-with-package-outdoors.jpg","type":"image\/jpeg"}],"twitter_card":"summary_large_image","twitter_misc":{"Est. reading time":"1 minutua"},"schema":{"@context":"https:\/\/schema.org","@graph":[{"@type":"WebPage","@id":"https:\/\/barotejexpress.com\/servicios\/","url":"https:\/\/barotejexpress.com\/servicios\/","name":"Servicios - BAROTEJ EXPRESS","isPartOf":{"@id":"https:\/\/barotejexpress.com\/#website"},"primaryImageOfPage":{"@id":"https:\/\/barotejexpress.com\/servicios\/#primaryimage"},"image":{"@id":"https:\/\/barotejexpress.com\/servicios\/#primaryimage"},"thumbnailUrl":"https:\/\/barotejexpress.com\/wp-content\/uploads\/2024\/12\/delivery-man-with-package-outdoors-1024x682.jpg","datePublished":"2024-12-30T10:16:19+00:00","dateModified":"2024-12-31T08:45:22+00:00","breadcrumb":{"@id":"https:\/\/barotejexpress.com\/servicios\/#breadcrumb"},"inLanguage":"eu","potentialAction":[{"@type":"ReadAction","target":["https:\/\/barotejexpress.com\/servicios\/"]}]},{"@type":"ImageObject","inLanguage":"eu","@id":"https:\/\/barotejexpress.com\/servicios\/#primaryimage","url":"https:\/\/barotejexpress.com\/wp-content\/uploads\/2024\/12\/delivery-man-with-package-outdoors-1024x682.jpg","contentUrl":"https:\/\/barotejexpress.com\/wp-content\/uploads\/2024\/12\/delivery-man-with-package-outdoors-1024x682.jpg"},{"@type":"BreadcrumbList","@id":"https:\/\/barotejexpress.com\/servicios\/#breadcrumb","itemListElement":[{"@type":"ListItem","position":1,"name":"Portada","item":"https:\/\/barotejexpress.com\/"},{"@type":"ListItem","position":2,"name":"Servicios"}]},{"@type":"WebSite","@id":"https:\/\/barotejexpress.com\/#website","url":"https:\/\/barotejexpress.com\/","name":"BAROTEJ EXPRESS","description":"","publisher":{"@id":"https:\/\/barotejexpress.com\/#organization"},"potentialAction":[{"@type":"SearchAction","target":{"@type":"EntryPoint","urlTemplate":"https:\/\/barotejexpress.com\/?s={search_term_string}"},"query-input":{"@type":"PropertyValueSpecification","valueRequired":true,"valueName":"search_term_string"}}],"inLanguage":"eu"},{"@type":"Organization","@id":"https:\/\/barotejexpress.com\/#organization","name":"BAROTEJ EXPRESS","url":"https:\/\/barotejexpress.com\/","logo":{"@type":"ImageObject","inLanguage":"eu","@id":"https:\/\/barotejexpress.com\/#\/schema\/logo\/image\/","url":"https:\/\/barotejexpress.com\/wp-content\/uploads\/2024\/12\/cropped-A-1.png","contentUrl":"https:\/\/barotejexpress.com\/wp-content\/uploads\/2024\/12\/cropped-A-1.png","width":500,"height":500,"caption":"BAROTEJ EXPRESS"},"image":{"@id":"https:\/\/barotejexpress.com\/#\/schema\/logo\/image\/"}}]}},"_links":{"self":[{"href":"https:\/\/barotejexpress.com\/eus\/wp-json\/wp\/v2\/pages\/12","targetHints":{"allow":["GET"]}}],"collection":[{"href":"https:\/\/barotejexpress.com\/eus\/wp-json\/wp\/v2\/pages"}],"about":[{"href":"https:\/\/barotejexpress.com\/eus\/wp-json\/wp\/v2\/types\/page"}],"author":[{"embeddable":true,"href":"https:\/\/barotejexpress.com\/eus\/wp-json\/wp\/v2\/users\/1"}],"replies":[{"embeddable":true,"href":"https:\/\/barotejexpress.com\/eus\/wp-json\/wp\/v2\/comments?post=12"}],"version-history":[{"count":170,"href":"https:\/\/barotejexpress.com\/eus\/wp-json\/wp\/v2\/pages\/12\/revisions"}],"predecessor-version":[{"id":962,"href":"https:\/\/barotejexpress.com\/eus\/wp-json\/wp\/v2\/pages\/12\/revisions\/962"}],"wp:attachment":[{"href":"https:\/\/barotejexpress.com\/eus\/wp-json\/wp\/v2\/media?parent=12"}],"curies":[{"name":"wp","href":"https:\/\/api.w.org\/{rel}","templated":true}]}}